{"id":4651,"date":"2024-09-10T15:16:21","date_gmt":"2024-09-10T15:16:21","guid":{"rendered":"https:\/\/hukukpartner.hayadasoft.com\/?page_id=4651"},"modified":"2024-09-12T07:32:50","modified_gmt":"2024-09-12T07:32:50","slug":"urunler","status":"publish","type":"page","link":"https:\/\/hukukpartner.hayadasoft.com\/?page_id=4651","title":{"rendered":"\u00dcr\u00fcnler"},"content":{"rendered":"<div class=\"wpb-content-wrapper\"><p>[vc_row padding_top_multiplier=&#8221;2x&#8221; padding_bottom_multiplier=&#8221;3x&#8221;][vc_column text_align=&#8221;center&#8221;]<h3 class=\"eut-element eut-title eut-align-left eut-h4\" style=\"\"><span>\u00dcr\u00fcnler<\/span><\/h3><div class=\"eut-element eut-divider\" style=\"\"><div class=\"eut-line-divider eut-border\"><\/div><\/div>[\/vc_column][\/vc_row][vc_row padding_top_multiplier=&#8221;&#8221; padding_bottom_multiplier=&#8221;&#8221;][vc_column column_custom_position=&#8221;yes&#8221; width=&#8221;1\/3&#8243; el_wrapper_class=&#8221;eut-drop-shadow&#8221; css=&#8221;.vc_custom_1724932079828{padding-top: 60px !important;padding-right: 30px !important;padding-bottom: 60px !important;padding-left: 30px !important;background-color: #ffffff !important;border-radius: 5px !important;}&#8221;]<div class=\"eut-element eut-box-icon eut-small eut-top-icon eut-align-center\" style=\"margin-bottom: 20px;\"><div class=\"eut-image-icon\"><img loading=\"lazy\" decoding=\"async\" width=\"462\" height=\"86\" src=\"https:\/\/hukukpartner.hayadasoft.com\/wp-content\/uploads\/2024\/09\/hukukpartner40_asdasdlogin-removebg-preview.png\" class=\"attachment-full size-full\" alt=\"\" srcset=\"https:\/\/hukukpartner.hayadasoft.com\/wp-content\/uploads\/2024\/09\/hukukpartner40_asdasdlogin-removebg-preview.png 462w, https:\/\/hukukpartner.hayadasoft.com\/wp-content\/uploads\/2024\/09\/hukukpartner40_asdasdlogin-removebg-preview-300x56.png 300w\" sizes=\"auto, (max-width: 462px) 100vw, 462px\" \/><\/div><div class=\"eut-box-content\">  <p class=\"\">Bir hukuk b\u00fcrosunun ihtiyac\u0131 olan her \u015fey tek bir yaz\u0131l\u0131mda.<\/p><\/div><\/div><div class=\"eut-element eut-align-center\"><a href=\"https:\/\/hukukpartner.hayadasoft.com\/?page_id=4579\" title=\"Dev-Tools\" class=\"eut-btn eut-btn-medium eut-square eut-bg-primary-1 eut-bg-hover-primary-1 eut-btn-line\"><span>Ayr\u0131nt\u0131l\u0131 Bilgi<\/span><\/a><\/div>[\/vc_column][vc_column column_custom_position=&#8221;yes&#8221; width=&#8221;1\/3&#8243; el_wrapper_class=&#8221;eut-drop-shadow&#8221; css=&#8221;.vc_custom_1724932085977{padding-top: 60px !important;padding-right: 30px !important;padding-bottom: 60px !important;padding-left: 30px !important;background-color: #ffffff !important;border-radius: 5px !important;}&#8221;]<div class=\"eut-element eut-box-icon eut-small eut-top-icon eut-align-center\" style=\"margin-bottom: 20px;\"><div class=\"eut-image-icon\"><img loading=\"lazy\" decoding=\"async\" width=\"391\" height=\"146\" src=\"https:\/\/hukukpartner.hayadasoft.com\/wp-content\/uploads\/2024\/09\/Resim1.png\" class=\"attachment-full size-full\" alt=\"\" srcset=\"https:\/\/hukukpartner.hayadasoft.com\/wp-content\/uploads\/2024\/09\/Resim1.png 391w, https:\/\/hukukpartner.hayadasoft.com\/wp-content\/uploads\/2024\/09\/Resim1-300x112.png 300w, https:\/\/hukukpartner.hayadasoft.com\/wp-content\/uploads\/2024\/09\/Resim1-24x9.png 24w, https:\/\/hukukpartner.hayadasoft.com\/wp-content\/uploads\/2024\/09\/Resim1-36x13.png 36w, https:\/\/hukukpartner.hayadasoft.com\/wp-content\/uploads\/2024\/09\/Resim1-48x18.png 48w\" sizes=\"auto, (max-width: 391px) 100vw, 391px\" \/><\/div><div class=\"eut-box-content\">  <p class=\"\">UYAP kurumsal web servis kullan\u0131m hakk\u0131 olanlar i\u00e7in vazge\u00e7ilmez bir \u00e7\u00f6z\u00fcm.<\/p><\/div><\/div><div class=\"eut-element eut-align-center\"><a href=\"https:\/\/hukukpartner.hayadasoft.com\/?page_id=4649\" title=\"Kay\u0131t Defteri\" class=\"eut-btn eut-btn-medium eut-square eut-bg-primary-1 eut-bg-hover-primary-1 eut-btn-line\"><span>Ayr\u0131nt\u0131l\u0131 Bilgi<\/span><\/a><\/div>[\/vc_column][vc_column column_custom_position=&#8221;yes&#8221; width=&#8221;1\/3&#8243; el_wrapper_class=&#8221;eut-drop-shadow&#8221; css=&#8221;.vc_custom_1726038588106{padding-top: 75px !important;padding-right: 30px !important;padding-bottom: 75px !important;padding-left: 30px !important;border-radius: 5px !important;}&#8221;]<div class=\"eut-element eut-box-icon eut-large eut-top-icon eut-align-center\" style=\"margin-bottom: 20px;\"><div class=\"eut-wrapper-icon eut-no-shape eut-text-grey\"><i class=\"eut-text-primary-1 fas fa-terminal\"><\/i><\/div><div class=\"eut-box-content\"><div class=\"eut-box-title-wrapper\"><h3 class=\"eut-box-title eut-h5\">Yard\u0131mc\u0131 Yaz\u0131l\u0131mlar<\/h3><\/div><\/div><\/div><div class=\"eut-element eut-align-center\"><a href=\"https:\/\/hukukpartner.hayadasoft.com\/?page_id=4643\" title=\"Yard\u0131mc\u0131 Yaz\u0131l\u0131mlar\" class=\"eut-btn eut-btn-medium eut-square eut-bg-primary-1 eut-bg-hover-primary-1 eut-btn-line\"><span>Ayr\u0131nt\u0131l\u0131 Bilgi<\/span><\/a><\/div>[\/vc_column][\/vc_row]<\/p>\n<\/div>","protected":false},"excerpt":{"rendered":"<p>[vc_row padding_top_multiplier=&#8221;2x&#8221; padding_bottom_multiplier=&#8221;3x&#8221;][vc_column text_align=&#8221;center&#8221;][\/vc_column][\/vc_row][vc_row padding_top_multiplier=&#8221;&#8221; padding_bottom_multiplier=&#8221;&#8221;][vc_column column_custom_position=&#8221;yes&#8221; width=&#8221;1\/3&#8243; el_wrapper_class=&#8221;eut-drop-shadow&#8221; css=&#8221;.vc_custom_1724932079828{padding-top: 60px !important;padding-right: 30px !important;padding-bottom: 60px !important;padding-left: 30px !important;background-color: #ffffff !important;border-radius: 5px !important;}&#8221;][\/vc_column][vc_column column_custom_position=&#8221;yes&#8221; width=&#8221;1\/3&#8243; el_wrapper_class=&#8221;eut-drop-shadow&#8221; css=&#8221;.vc_custom_1724932085977{padding-top: 60px !important;padding-right: 30px !important;padding-bottom: 60px !important;padding-left: 30px !important;background-color: #ffffff !important;border-radius: 5px !important;}&#8221;][\/vc_column][vc_column column_custom_position=&#8221;yes&#8221; width=&#8221;1\/3&#8243; el_wrapper_class=&#8221;eut-drop-shadow&#8221; css=&#8221;.vc_custom_1726038588106{padding-top: 75px !important;padding-right: 30px !important;padding-bottom: 75px !important;padding-left: 30px !important;border-radius: 5px !important;}&#8221;][\/vc_column][\/vc_row]<\/p>\n","protected":false},"author":1,"featured_media":0,"parent":0,"menu_order":0,"comment_status":"closed","ping_status":"closed","template":"","meta":{"footnotes":""},"class_list":["post-4651","page","type-page","status-publish","hentry"],"_links":{"self":[{"href":"https:\/\/hukukpartner.hayadasoft.com\/index.php?rest_route=\/wp\/v2\/pages\/4651","targetHints":{"allow":["GET"]}}],"collection":[{"href":"https:\/\/hukukpartner.hayadasoft.com\/index.php?rest_route=\/wp\/v2\/pages"}],"about":[{"href":"https:\/\/hukukpartner.hayadasoft.com\/index.php?rest_route=\/wp\/v2\/types\/page"}],"author":[{"embeddable":true,"href":"https:\/\/hukukpartner.hayadasoft.com\/index.php?rest_route=\/wp\/v2\/users\/1"}],"replies":[{"embeddable":true,"href":"https:\/\/hukukpartner.hayadasoft.com\/index.php?rest_route=%2Fwp%2Fv2%2Fcomments&post=4651"}],"version-history":[{"count":8,"href":"https:\/\/hukukpartner.hayadasoft.com\/index.php?rest_route=\/wp\/v2\/pages\/4651\/revisions"}],"predecessor-version":[{"id":4727,"href":"https:\/\/hukukpartner.hayadasoft.com\/index.php?rest_route=\/wp\/v2\/pages\/4651\/revisions\/4727"}],"wp:attachment":[{"href":"https:\/\/hukukpartner.hayadasoft.com\/index.php?rest_route=%2Fwp%2Fv2%2Fmedia&parent=4651"}],"curies":[{"name":"wp","href":"https:\/\/api.w.org\/{rel}","templated":true}]}}